{"id":1239,"date":"2025-05-15T14:32:09","date_gmt":"2025-05-15T12:32:09","guid":{"rendered":"http:\/\/kurzdigital.com\/imprint\/"},"modified":"2026-03-05T15:58:22","modified_gmt":"2026-03-05T14:58:22","slug":"imprint","status":"publish","type":"page","link":"https:\/\/kurzdigital.com\/en\/imprint\/","title":{"rendered":"Imprint"},"content":{"rendered":"\n<div class=\"wp-block-uagb-container uagb-block-f2b20136 alignfull uagb-is-root-container\"><\/div>\n\n\n\n<div class=\"wp-block-uagb-container uagb-block-37a4358b alignfull uagb-is-root-container\"><div class=\"uagb-container-inner-blocks-wrap\">\n<h1 class=\"wp-block-heading\" style=\"margin-bottom:32px;font-size:30px;font-style:normal;font-weight:400\">Imprint<\/h1>\n\n\n\n<p><strong>KURZ Digital Solutions GmbH &amp; Co. KG<\/strong> <br>Schwabacher Str. 106, D-90763 F\u00fcrth \/ Germany <br>Phone: +49 (0)911 14 89 59 24 <br>Email: info@kurzdigital.com<br><br>Managing Director: Dr. Benno Schmitzer<br><br>Company headquarters: F\u00fcrth<br>Register court F\u00fcrth HR A 10746<br>VAT number DE308258782<br><br>Complementary: KURZ Digital Administrative GmbH<br>Company Location: F\u00fcrth<br>Commercial Register F\u00fcrth HR B 15767<\/p>\n\n\n\n<p>Responsible person within the meaning of Section 55(1) 2 RStV: Dr. Benno Schmitzer, Schwabacher Str. 106, D-90763 F\u00fcrth\/Deutschland<\/p>\n\n\n\n<p>Technical Implementation &amp; Design: KURZ Digital Solutions GmbH &amp; Co. KG<\/p>\n<\/div><\/div>\n","protected":false},"excerpt":{"rendered":"<p>Imprint KURZ Digital Solutions GmbH &amp; Co. KG Schwabacher Str. 106, D-90763 F\u00fcrth \/ Germany Phone: +49 (0)911 14 89 [&hellip;]<\/p>\n","protected":false},"author":1,"featured_media":0,"parent":0,"menu_order":100,"comment_status":"closed","ping_status":"closed","template":"","meta":{"inline_featured_image":false,"_uag_custom_page_level_css":"","site-sidebar-layout":"default","site-content-layout":"","ast-site-content-layout":"","site-content-style":"default","site-sidebar-style":"default","ast-global-header-display":"","ast-banner-title-visibility":"","ast-main-header-display":"","ast-hfb-above-header-display":"","ast-hfb-below-header-display":"","ast-hfb-mobile-header-display":"","site-post-title":"disabled","ast-breadcrumbs-content":"","ast-featured-img":"","footer-sml-layout":"","ast-disable-related-posts":"","theme-transparent-header-meta":"","adv-header-id-meta":"","stick-header-meta":"","header-above-stick-meta":"","header-main-stick-meta":"","header-below-stick-meta":"","astra-migrate-meta-layouts":"default","ast-page-background-enabled":"default","ast-page-background-meta":{"desktop":{"background-color":"var(--ast-global-color-4)","background-image":"","background-repeat":"repeat","background-position":"center center","background-size":"auto","background-attachment":"scroll","background-type":"","background-media":"","overlay-type":"","overlay-color":"","overlay-opacity":"","overlay-gradient":""},"tablet":{"background-color":"","background-image":"","background-repeat":"repeat","background-position":"center center","background-size":"auto","background-attachment":"scroll","background-type":"","background-media":"","overlay-type":"","overlay-color":"","overlay-opacity":"","overlay-gradient":""},"mobile":{"background-color":"","background-image":"","background-repeat":"repeat","background-position":"center center","background-size":"auto","background-attachment":"scroll","background-type":"","background-media":"","overlay-type":"","overlay-color":"","overlay-opacity":"","overlay-gradient":""}},"ast-content-background-meta":{"desktop":{"background-color":"var(--ast-global-color-5)","background-image":"","background-repeat":"repeat","background-position":"center center","background-size":"auto","background-attachment":"scroll","background-type":"","background-media":"","overlay-type":"","overlay-color":"","overlay-opacity":"","overlay-gradient":""},"tablet":{"background-color":"var(--ast-global-color-5)","background-image":"","background-repeat":"repeat","background-position":"center center","background-size":"auto","background-attachment":"scroll","background-type":"","background-media":"","overlay-type":"","overlay-color":"","overlay-opacity":"","overlay-gradient":""},"mobile":{"background-color":"var(--ast-global-color-5)","background-image":"","background-repeat":"repeat","background-position":"center center","background-size":"auto","background-attachment":"scroll","background-type":"","background-media":"","overlay-type":"","overlay-color":"","overlay-opacity":"","overlay-gradient":""}},"footnotes":""},"class_list":["post-1239","page","type-page","status-publish","hentry"],"yoast_head":"<!-- This site is optimized with the Yoast SEO plugin v27.5 - https:\/\/yoast.com\/product\/yoast-seo-wordpress\/ -->\n<title>Imprint - KURZ Digital<\/title>\n<meta name=\"robots\" content=\"noindex, nofollow\" \/>\n<meta property=\"og:locale\" content=\"en_US\" \/>\n<meta property=\"og:type\" content=\"article\" \/>\n<meta property=\"og:title\" content=\"Imprint - KURZ Digital\" \/>\n<meta property=\"og:description\" content=\"Imprint KURZ Digital Solutions GmbH &amp; Co. KG Schwabacher Str. 106, D-90763 F\u00fcrth \/ Germany Phone: +49 (0)911 14 89 [&hellip;]\" \/>\n<meta property=\"og:url\" content=\"https:\/\/kurzdigital.com\/en\/imprint\/\" \/>\n<meta property=\"og:site_name\" content=\"KURZ Digital\" \/>\n<meta property=\"article:publisher\" content=\"https:\/\/www.facebook.com\/kurzdigital\" \/>\n<meta property=\"article:modified_time\" content=\"2026-03-05T14:58:22+00:00\" \/>\n<meta name=\"twitter:card\" content=\"summary_large_image\" \/>\n<meta name=\"twitter:label1\" content=\"Est. reading time\" \/>\n\t<meta name=\"twitter:data1\" content=\"1 minute\" \/>\n<script type=\"application\/ld+json\" class=\"yoast-schema-graph\">{\"@context\":\"https:\\\/\\\/schema.org\",\"@graph\":[{\"@type\":\"WebPage\",\"@id\":\"https:\\\/\\\/kurzdigital.com\\\/en\\\/imprint\\\/\",\"url\":\"https:\\\/\\\/kurzdigital.com\\\/en\\\/imprint\\\/\",\"name\":\"Imprint - KURZ Digital\",\"isPartOf\":{\"@id\":\"https:\\\/\\\/kurzdigital.com\\\/#website\"},\"datePublished\":\"2025-05-15T12:32:09+00:00\",\"dateModified\":\"2026-03-05T14:58:22+00:00\",\"breadcrumb\":{\"@id\":\"https:\\\/\\\/kurzdigital.com\\\/en\\\/imprint\\\/#breadcrumb\"},\"inLanguage\":\"en-US\",\"potentialAction\":[{\"@type\":\"ReadAction\",\"target\":[\"https:\\\/\\\/kurzdigital.com\\\/en\\\/imprint\\\/\"]}]},{\"@type\":\"BreadcrumbList\",\"@id\":\"https:\\\/\\\/kurzdigital.com\\\/en\\\/imprint\\\/#breadcrumb\",\"itemListElement\":[{\"@type\":\"ListItem\",\"position\":1,\"name\":\"Startseite\",\"item\":\"https:\\\/\\\/kurzdigital.com\\\/en\\\/\"},{\"@type\":\"ListItem\",\"position\":2,\"name\":\"Imprint\"}]},{\"@type\":\"WebSite\",\"@id\":\"https:\\\/\\\/kurzdigital.com\\\/#website\",\"url\":\"https:\\\/\\\/kurzdigital.com\\\/\",\"name\":\"KURZ Digital\",\"description\":\"\",\"publisher\":{\"@id\":\"https:\\\/\\\/kurzdigital.com\\\/#organization\"},\"potentialAction\":[{\"@type\":\"SearchAction\",\"target\":{\"@type\":\"EntryPoint\",\"urlTemplate\":\"https:\\\/\\\/kurzdigital.com\\\/?s={search_term_string}\"},\"query-input\":{\"@type\":\"PropertyValueSpecification\",\"valueRequired\":true,\"valueName\":\"search_term_string\"}}],\"inLanguage\":\"en-US\"},{\"@type\":\"Organization\",\"@id\":\"https:\\\/\\\/kurzdigital.com\\\/#organization\",\"name\":\"KURZ Digital\",\"url\":\"https:\\\/\\\/kurzdigital.com\\\/\",\"logo\":{\"@type\":\"ImageObject\",\"inLanguage\":\"en-US\",\"@id\":\"https:\\\/\\\/kurzdigital.com\\\/#\\\/schema\\\/logo\\\/image\\\/\",\"url\":\"https:\\\/\\\/wp.kurzdigital.com\\\/wp-content\\\/uploads\\\/2025\\\/05\\\/logo-kurz-digital-rgb.svg\",\"contentUrl\":\"https:\\\/\\\/wp.kurzdigital.com\\\/wp-content\\\/uploads\\\/2025\\\/05\\\/logo-kurz-digital-rgb.svg\",\"caption\":\"KURZ Digital\"},\"image\":{\"@id\":\"https:\\\/\\\/kurzdigital.com\\\/#\\\/schema\\\/logo\\\/image\\\/\"},\"sameAs\":[\"https:\\\/\\\/www.facebook.com\\\/kurzdigital\"]}]}<\/script>\n<!-- \/ Yoast SEO plugin. -->","yoast_head_json":{"title":"Imprint - KURZ Digital","robots":{"index":"noindex","follow":"nofollow"},"og_locale":"en_US","og_type":"article","og_title":"Imprint - KURZ Digital","og_description":"Imprint KURZ Digital Solutions GmbH &amp; Co. KG Schwabacher Str. 106, D-90763 F\u00fcrth \/ Germany Phone: +49 (0)911 14 89 [&hellip;]","og_url":"https:\/\/kurzdigital.com\/en\/imprint\/","og_site_name":"KURZ Digital","article_publisher":"https:\/\/www.facebook.com\/kurzdigital","article_modified_time":"2026-03-05T14:58:22+00:00","twitter_card":"summary_large_image","twitter_misc":{"Est. reading time":"1 minute"},"schema":{"@context":"https:\/\/schema.org","@graph":[{"@type":"WebPage","@id":"https:\/\/kurzdigital.com\/en\/imprint\/","url":"https:\/\/kurzdigital.com\/en\/imprint\/","name":"Imprint - KURZ Digital","isPartOf":{"@id":"https:\/\/kurzdigital.com\/#website"},"datePublished":"2025-05-15T12:32:09+00:00","dateModified":"2026-03-05T14:58:22+00:00","breadcrumb":{"@id":"https:\/\/kurzdigital.com\/en\/imprint\/#breadcrumb"},"inLanguage":"en-US","potentialAction":[{"@type":"ReadAction","target":["https:\/\/kurzdigital.com\/en\/imprint\/"]}]},{"@type":"BreadcrumbList","@id":"https:\/\/kurzdigital.com\/en\/imprint\/#breadcrumb","itemListElement":[{"@type":"ListItem","position":1,"name":"Startseite","item":"https:\/\/kurzdigital.com\/en\/"},{"@type":"ListItem","position":2,"name":"Imprint"}]},{"@type":"WebSite","@id":"https:\/\/kurzdigital.com\/#website","url":"https:\/\/kurzdigital.com\/","name":"KURZ Digital","description":"","publisher":{"@id":"https:\/\/kurzdigital.com\/#organization"},"potentialAction":[{"@type":"SearchAction","target":{"@type":"EntryPoint","urlTemplate":"https:\/\/kurzdigital.com\/?s={search_term_string}"},"query-input":{"@type":"PropertyValueSpecification","valueRequired":true,"valueName":"search_term_string"}}],"inLanguage":"en-US"},{"@type":"Organization","@id":"https:\/\/kurzdigital.com\/#organization","name":"KURZ Digital","url":"https:\/\/kurzdigital.com\/","logo":{"@type":"ImageObject","inLanguage":"en-US","@id":"https:\/\/kurzdigital.com\/#\/schema\/logo\/image\/","url":"https:\/\/wp.kurzdigital.com\/wp-content\/uploads\/2025\/05\/logo-kurz-digital-rgb.svg","contentUrl":"https:\/\/wp.kurzdigital.com\/wp-content\/uploads\/2025\/05\/logo-kurz-digital-rgb.svg","caption":"KURZ Digital"},"image":{"@id":"https:\/\/kurzdigital.com\/#\/schema\/logo\/image\/"},"sameAs":["https:\/\/www.facebook.com\/kurzdigital"]}]}},"uagb_featured_image_src":{"full":false,"thumbnail":false,"medium":false,"medium_large":false,"large":false,"1536x1536":false,"2048x2048":false},"uagb_author_info":{"display_name":"Engelhardt","author_link":"https:\/\/kurzdigital.com\/en\/author\/engelhardt\/"},"uagb_comment_info":0,"uagb_excerpt":"Imprint KURZ Digital Solutions GmbH &amp; Co. KG Schwabacher Str. 106, D-90763 F\u00fcrth \/ Germany Phone: +49 (0)911 14 89 [&hellip;]","_links":{"self":[{"href":"https:\/\/kurzdigital.com\/en\/wp-json\/wp\/v2\/pages\/1239","targetHints":{"allow":["GET"]}}],"collection":[{"href":"https:\/\/kurzdigital.com\/en\/wp-json\/wp\/v2\/pages"}],"about":[{"href":"https:\/\/kurzdigital.com\/en\/wp-json\/wp\/v2\/types\/page"}],"author":[{"embeddable":true,"href":"https:\/\/kurzdigital.com\/en\/wp-json\/wp\/v2\/users\/1"}],"replies":[{"embeddable":true,"href":"https:\/\/kurzdigital.com\/en\/wp-json\/wp\/v2\/comments?post=1239"}],"version-history":[{"count":0,"href":"https:\/\/kurzdigital.com\/en\/wp-json\/wp\/v2\/pages\/1239\/revisions"}],"wp:attachment":[{"href":"https:\/\/kurzdigital.com\/en\/wp-json\/wp\/v2\/media?parent=1239"}],"curies":[{"name":"wp","href":"https:\/\/api.w.org\/{rel}","templated":true}]}}